{"id":8117,"date":"2022-09-30T06:19:00","date_gmt":"2022-09-30T06:19:00","guid":{"rendered":"https:\/\/masialux.de\/?post_type=product&#038;p=8117"},"modified":"2023-08-24T08:41:33","modified_gmt":"2023-08-24T08:41:33","slug":"moss-serisi-mo-114-dis-mekan-aplik-aydinlatma","status":"publish","type":"product","link":"https:\/\/masialux.de\/tr\/urun\/moss-serisi-mo-114-dis-mekan-aplik-aydinlatma\/","title":{"rendered":"MOSS SER\u0130S\u0130 | MO 114 DI\u015e MEKAN AYDINLATMA"},"content":{"rendered":"<p><strong>Masialux D\u0131\u015f Mekan Aplik<\/strong><\/p>\n<h4><strong>KULLANIM ALANLARI<\/strong><\/h4>\n<ul>\n<li>Dekorasyon<\/li>\n<li>S\u00fcpermarketler<\/li>\n<li>Ma\u011fazalar<\/li>\n<li>Evler<\/li>\n<\/ul>\n<h4><strong>MONTAJ VE G\u00dcVENL\u0130K UYARILARI<\/strong><\/h4>\n<div>\n<h5><strong>DI\u015e MEKAN APL\u0130K;<\/strong><\/h5>\n<\/div>\n<ul>\n<li>D\u0131\u015f mekan aplik \u00fcr\u00fcn\u00fc teslim al\u0131rken, fiziksel bir hasar olup olmad\u0131\u011f\u0131n\u0131 kontrol ediniz. Nakliye hasarl\u0131 \u00fcr\u00fcnlerin de\u011fi\u015fimini kargodan yada ambardan talep ediniz ve \u00fcr\u00fcn ile birlikte gelmesi gereken aksesuarlar varsa tam olup olmad\u0131\u011f\u0131n\u0131 kontrol ediniz.<\/li>\n<li>Orijinal kutusunu veya paketini, aksesuar ve faturas\u0131n\u0131 daha sonraki servis ihtiyac\u0131nda kullanmak \u00fczere saklay\u0131n\u0131z.<\/li>\n<li>\u00dcr\u00fcn barkodunun, model ve seri numaras\u0131n\u0131n zarar g\u00f6rmemesine dikkat ediniz.<\/li>\n<li>Bunlar\u0131n okunmamas\u0131 veya y\u0131pranm\u0131\u015f olmas\u0131 durumunda \u00fcr\u00fcn\u00fcn\u00fcz garanti kapsam\u0131na girmemektedir.<\/li>\n<li>\u00a0\u00dcr\u00fcn kullan\u0131m ama\u00e7lar\u0131 haricinde kullan\u0131lmamal\u0131d\u0131r.<\/li>\n<li>Sat\u0131c\u0131 firma, \u00fcr\u00fcn\u00fcn usul\u00fcne uygun olmayan bir \u015fekilde kullan\u0131lmas\u0131 sonucu ortaya \u00e7\u0131kabilecek yaralanma veya hasar g\u00f6rme vakalar\u0131nda sorumluluk almaz<\/li>\n<li>Elektrik ba\u011flant\u0131lar\u0131 sadece uzman personel taraf\u0131ndan yap\u0131lmal\u0131d\u0131r.<\/li>\n<li>Kurulurken elektrik ba\u011flant\u0131s\u0131n\u0131n kapal\u0131 oldu\u011fundan emin olunuz.<\/li>\n<li>G\u00fc\u00e7 kablolar\u0131n\u0131n hasarl\u0131 oldu\u011fu durumda \u00fcr\u00fcn\u00fc kullanmay\u0131n\u0131z. Aksi takdirde \u00f6l\u00fcm, ciddi yaralanma veya maddi hasara neden olabilir.<\/li>\n<li>Montaj\u0131na ba\u015flamadan \u00f6nce kablolar\u0131n ve \u00fcr\u00fcn\u00fcn d\u0131\u015f \u00e7eperlerinin hasarl\u0131 olmad\u0131\u011f\u0131ndan emin olunuz.<\/li>\n<li>Etiket \u00fczerinde belirtilen \u00e7al\u0131\u015fma geriliminden y\u00fcksek bir gerilim almad\u0131\u011f\u0131ndan emin olunuz.<\/li>\n<li>Uyu\u015fmazl\u0131k durumunda meydana gelebilecek ar\u0131zalarda, sat\u0131c\u0131 firma sorumlu tutulamaz ve ar\u0131za garanti kapsam\u0131nda de\u011ferlendirilemez.<\/li>\n<li>Montaj i\u00e7in yaln\u0131zca firmam\u0131z\u0131n belirledi\u011fi ek aparatlar kullan\u0131lmal\u0131d\u0131r.<\/li>\n<li>\u015eebeke ba\u011flant\u0131s\u0131 ilgili \u00fclkenin tesisat y\u00f6netmeli\u011fine uygun ba\u011flant\u0131 malzemeleriyle yap\u0131lmal\u0131d\u0131r.<\/li>\n<li>Elektrik ka\u00e7a\u011f\u0131 olan yerlerde kullanmay\u0131n.<\/li>\n<li>Kablo ba\u011flant\u0131 noktalar\u0131 ba\u011flant\u0131 klemensleri veya eriyen bant ile mutlaka yal\u0131t\u0131lmal\u0131d\u0131r.<\/li>\n<li>Tadilat, tamir, oynama veya herhangi, bir fiziksel m\u00fcdahalede bulunmay\u0131n\u0131z. Bu i\u015flem sonucu maddi hasar olu\u015fabilece\u011fi gibi, \u00fcr\u00fcn garantisi de ge\u00e7ersiz kalacakt\u0131r.<\/li>\n<\/ul>\n<h4><strong>\u00d6NEML\u0130 UYARILAR<\/strong><\/h4>\n<ul>\n<li>D\u0131\u015f mekan aplik \u00fcr\u00fcnde meydana gelen herhangi bir ar\u0131za durumunda uzman yetkili servisimizle irtibata ge\u00e7iniz.<\/li>\n<li>Yetkili teknik servisimiz d\u0131\u015f\u0131nda \u00fcr\u00fcne kimsenin m\u00fcdahale etmesine izin vermeyiniz. Bu t\u00fcr m\u00fcdahaleler sonucu \u00fcr\u00fcn t\u00fcm\u00fcyle garanti kapsam\u0131 d\u0131\u015f\u0131nda kal\u0131r.<\/li>\n<li>Bu \u00fcr\u00fcn\u00fcn harici b\u00fck\u00fclgen kablo veya kordonu hasarlan\u0131rsa bir tehlikeden ka\u00e7\u0131nmak i\u00e7in yetkili ki\u015fi taraf\u0131ndan de\u011fi\u015ftirilmesi gerekir.<\/li>\n<li>\u00dcr\u00fcn \u00e7al\u0131\u015f\u0131r durumdayken y\u00fczeyi s\u0131cak oldu\u011fu i\u00e7in \u00fcr\u00fcn\u00fcn enerjisi kesilmelidir ve so\u011fumadan dokunulmamal\u0131d\u0131r. \u00dcr\u00fcn \u00e7al\u0131\u015f\u0131r durumdayken direkt olarak bakmay\u0131n\u0131z.<\/li>\n<li>Y\u00fczeyi alkol, benzin gibi yan\u0131c\u0131 maddelerle temizlemeyiniz.<\/li>\n<li>\u00c7ocuklar\u0131n ula\u015famayacaklar\u0131 yerlerde ve \u00fcr\u00fcn kutusu i\u00e7inde muhafaza ediniz.<\/li>\n<\/ul>\n<h4><strong>GARANT\u0130 BELGES\u0130 | Garanti \u015eartlar\u0131<\/strong><\/h4>\n<p><strong>D\u0131\u015f Mekan Aplik \u00dcr\u00fcn\u00fcn\u00fcn;<\/strong><\/p>\n<ul>\n<li>Garanti s\u00fcresi, \u00fcr\u00fcn\u00fcn fatura tarihinden itibaren ba\u015flar ve 2 y\u0131ld\u0131r.<\/li>\n<li>B\u00fct\u00fcn par\u00e7alar\u0131 dahil olmak \u00fczere tamam\u0131 garanti kapsam\u0131na gir.<\/li>\n<li>Ay\u0131pl\u0131 oldu\u011funun anla\u015f\u0131lmas\u0131 durumunda t\u00fcketici, 6502 say\u0131l\u0131 T\u00fcketicinin Korunmas\u0131 Hakk\u0131nda Kanunun 11. maddesinde yer alan;<\/li>\n<\/ul>\n<div>a) \u00dccretsiz onar\u0131m\u0131 yapt\u0131rmak.<\/div>\n<div>b) Onar\u0131m\u0131 yap\u0131lmad\u0131\u011f\u0131 takdirde yeni \u00fcr\u00fcnle de\u011fi\u015ftirilmesi.<\/div>\n<ul>\n<li>T\u00fcketicinin bu haklardan \u00fccretsiz onar\u0131m durumunda sat\u0131c\u0131; i\u015f\u00e7ilik masraf\u0131, de\u011fi\u015ftirilen par\u00e7a bedeli ya da ba\u015fka herhangi bir ad alt\u0131nda hi\u00e7bir \u00fccret talep etmeksizin \u00fcr\u00fcn\u00fcn onar\u0131m\u0131n\u0131 yapt\u0131rmakla y\u00fck\u00fcml\u00fcd\u00fcr.<\/li>\n<li>Garanti s\u00fcresi i\u00e7erisinde ar\u0131zalanmas\u0131 durumunda, tamirde ge\u00e7en s\u00fcre garanti s\u00fcresine eklenir. \u00dcr\u00fcn\u00fcn tamir s\u00fcresi 20 i\u015f g\u00fcn\u00fcn\u00fc ge\u00e7emez.<\/li>\n<li>Kullanma k\u0131lavuzunda yer alan hususlara ayk\u0131r\u0131 kullan\u0131lmas\u0131ndan kaynaklanan ar\u0131zalar garanti kapsam\u0131 d\u0131\u015f\u0131ndad\u0131r.<\/li>\n<\/ul>\n<h4><strong>Ar\u0131zal\u0131 \u00fcr\u00fcn\u00fc garanti kapsam\u0131 d\u0131\u015f\u0131na \u00e7\u0131karan kullan\u0131m hatalar\u0131 nelerdir?<\/strong><\/h4>\n<ul>\n<li>Elektrik ve kullan\u0131c\u0131n\u0131n kullan\u0131m\u0131ndan do\u011fan ar\u0131zalar (elektrik kesilmesi, voltaj dalgalanmas\u0131, makinaya ait olmayan aksesuar tak\u0131lmas\u0131 yada kullan\u0131lmas\u0131 zorunlu olan aksesuarlar\u0131n kullan\u0131lmamas\u0131 gibi) garantili \u00fcr\u00fcnlerde yetkili servis d\u0131\u015f\u0131nda herhangi bir m\u00fcdahalenin yap\u0131lmas\u0131, garanti etiketi olan \u00fcr\u00fcnlerde etiketin zarar g\u00f6rmesi, cihaz\u0131n d\u0131\u015f y\u00fczeyinde olu\u015fan k\u0131r\u0131k, \u00e7izik vb. nedenlerden meydana gelen ar\u0131zalar, tozlu, rutubetli, a\u015f\u0131r\u0131 s\u0131cak ya da so\u011fuk ortamlarda kullan\u0131lma sebebi ile olu\u015fan ar\u0131zalar, sel, yang\u0131n, deprem, y\u0131ld\u0131r\u0131m d\u00fc\u015fmesi vb. do\u011fal afetlerin sebep oldu\u011fu ar\u0131zalarda garanti kapsam\u0131 d\u0131\u015f\u0131ndad\u0131r.<\/li>\n<\/ul>\n<p><a href=\"https:\/\/masialux.de\/tr\/product-category\/dis-mekan\/\">D\u0131\u015f Mekan Ayd\u0131nlatma Archives | Masialux Ayd\u0131nlatma<\/a><\/p>","protected":false},"excerpt":{"rendered":"<p>G\u00f6vde<strong>: <\/strong>Al\u00fcminyum enjeksiyon g\u00f6vde<\/p>\n<p>&nbsp;<\/p>\n<p><strong>\u0130ND\u0130R\u0130LEB\u0130L\u0130R \u00dcR\u00dcN MEDYASI<\/strong><\/p>\n<p><strong><a href=\"\/tr\/downloads\/MO114\/Datasheet-MO114.pdf\/\">\u25ef<\/a><a href=\"\/tr\/downloads\/MO114\/Datasheet-MO114.pdf\/\" target=\"_blank\" rel=\"noopener\"> Datasheet<\/a><\/strong><\/p>\n<p><strong><a href=\"\/tr\/downloads\/MO114\/Datasheet-MO114.pdf\/\">\u25ef<\/a><a href=\"\/tr\/downloads\/MO114\/Montajklavuz-MO114.pdf\/\" target=\"_blank\" rel=\"noopener\"> Kullan\u0131m Klavuzu<\/a><\/strong><\/p>\n<p><strong><a href=\"\/tr\/downloads\/MO114\/2D-MO114.zip\/\">\u25ef<\/a> <a href=\"\/tr\/downloads\/MO114\/2D-MO114.zip\/\">2D \u00c7\u0130Z\u0130M<\/a><\/strong><\/p>\n<p><strong><a href=\"\/tr\/downloads\/MO114\/3D-MO114.zip\/\">\u25ef<\/a> <a href=\"\/tr\/downloads\/MO114\/3D-MO114.zip\/\">3D \u00c7\u0130Z\u0130M<\/a><\/strong><\/p>\n<p><strong><a href=\"\/tr\/downloads\/MO114\/3D-MO114.zip\/\">\u25ef<\/a> <a href=\"https:\/\/masialux.de\/tr\/ldt-dosyalari\/\">LDT DOSYALARI<\/a><\/strong><\/p>\n<p>&nbsp;<\/p>\n<p>I\u015f\u0131k S\u0131cakl\u0131\u011f\u0131<strong>: <\/strong>2700 K | 3000 K | 4000 K | 6500 K<\/p>\n<p><img decoding=\"async\" class=\"alignnone size-medium wp-image-12220\" src=\"http:\/\/masialux.de\/wp-content\/uploads\/2022\/09\/Screenshot_78-e1692711645926-300x24.jpg\" alt=\"\" width=\"300\" height=\"24\" srcset=\"https:\/\/masialux.de\/wp-content\/uploads\/2022\/09\/Screenshot_78-e1692711645926-300x24.jpg 300w, https:\/\/masialux.de\/wp-content\/uploads\/2022\/09\/Screenshot_78-e1692711645926-18x1.jpg 18w, https:\/\/masialux.de\/wp-content\/uploads\/2022\/09\/Screenshot_78-e1692711645926-650x53.jpg 650w, https:\/\/masialux.de\/wp-content\/uploads\/2022\/09\/Screenshot_78-e1692711645926-600x48.jpg 600w, https:\/\/masialux.de\/wp-content\/uploads\/2022\/09\/Screenshot_78-e1692711645926.jpg 669w\" sizes=\"(max-width: 300px) 100vw, 300px\" \/><\/p>\n<p>&nbsp;<\/p>\n<p>IP Koruma S\u0131n\u0131f\u0131: IP 44<\/p>\n<p>&nbsp;<\/p>\n<p>Kullan\u0131m \u015eekli: Aplik<\/p>\n<p>&nbsp;<\/p>\n<p>I\u015f\u0131k Kayna\u011f\u0131<strong>: <\/strong>GU10<\/p>\n<p>&nbsp;<\/p>\n<p>Duy Tipi<strong>: <\/strong>GU 10<\/p>\n<p>&nbsp;<\/p>\n<p>Montaj Tipi: Duvar<\/p>","protected":false},"featured_media":11221,"template":"","meta":{"_joinchat":[]},"product_cat":[150],"product_tag":[152,153,154,155],"class_list":{"0":"post-8117","1":"product","2":"type-product","3":"status-publish","4":"has-post-thumbnail","6":"product_cat-dis-mekan","7":"product_tag-dis-mekan","8":"product_tag-dis-mekan-aplik","9":"product_tag-dis-mekan-aplik-aydinlatma","10":"product_tag-dis-mekan-aydinlatma","12":"first","13":"instock","14":"shipping-taxable","15":"product-type-simple"},"yoast_head":"<!-- This site is optimized with the Yoast SEO Premium plugin v19.3 (Yoast SEO v21.7) - https:\/\/yoast.com\/wordpress\/plugins\/seo\/ -->\n<title>MOSS SER\u0130S\u0130 | DI\u015e MEKAN APL\u0130K<\/title>\n<meta name=\"description\" content=\"Masialux Ayd\u0131nlatma | MOSS SER\u0130S\u0130 | MO 114 DI\u015e MEKAN AYDINLATMA | D\u0131\u015f Mekan Aplik Armat\u00fcrleri | En k\u0131sa s\u00fcrede imalat\u0131n\u0131 ger\u00e7ekle\u015ftirip teslim edelim.\" \/>\n<meta name=\"robots\" content=\"index, follow, max-snippet:-1, max-image-preview:large, max-video-preview:-1\" \/>\n<link rel=\"canonical\" href=\"https:\/\/masialux.de\/tr\/urun\/moss-serisi-mo-114-dis-mekan-aplik-aydinlatma\/\" \/>\n<meta property=\"og:locale\" content=\"tr_TR\" \/>\n<meta property=\"og:type\" content=\"article\" \/>\n<meta property=\"og:title\" content=\"MOSS SER\u0130S\u0130 | MO 114 DI\u015e MEKAN AYDINLATMA\" \/>\n<meta property=\"og:description\" content=\"Masialux Ayd\u0131nlatma | MOSS SER\u0130S\u0130 | MO 114 DI\u015e MEKAN AYDINLATMA | D\u0131\u015f Mekan Aplik Armat\u00fcrleri | En k\u0131sa s\u00fcrede imalat\u0131n\u0131 ger\u00e7ekle\u015ftirip teslim edelim.\" \/>\n<meta property=\"og:url\" content=\"https:\/\/masialux.de\/tr\/urun\/moss-serisi-mo-114-dis-mekan-aplik-aydinlatma\/\" \/>\n<meta property=\"og:site_name\" content=\"Masialux Ayd\u0131nlatma\" \/>\n<meta property=\"article:publisher\" content=\"https:\/\/www.facebook.com\/MasiaLux\" \/>\n<meta property=\"article:modified_time\" content=\"2023-08-24T08:41:33+00:00\" \/>\n<meta property=\"og:image\" content=\"http:\/\/masialux.de\/wp-content\/uploads\/2022\/09\/002.MOSS-SERISI-MO-114-DIS-MEKAN-APLIK.jpg\" \/>\n\t<meta property=\"og:image:width\" content=\"800\" \/>\n\t<meta property=\"og:image:height\" content=\"1058\" \/>\n\t<meta property=\"og:image:type\" content=\"image\/jpeg\" \/>\n<meta name=\"twitter:card\" content=\"summary_large_image\" \/>\n<script type=\"application\/ld+json\" class=\"yoast-schema-graph\">{\"@context\":\"https:\/\/schema.org\",\"@graph\":[{\"@type\":\"WebPage\",\"@id\":\"https:\/\/masialux.de\/urun\/moss-serisi-mo-114-dis-mekan-aplik-aydinlatma\/\",\"url\":\"https:\/\/masialux.de\/urun\/moss-serisi-mo-114-dis-mekan-aplik-aydinlatma\/\",\"name\":\"MOSS SER\u0130S\u0130 | DI\u015e MEKAN APL\u0130K\",\"isPartOf\":{\"@id\":\"https:\/\/masialux.de\/en\/#website\"},\"datePublished\":\"2022-09-30T06:19:00+00:00\",\"dateModified\":\"2023-08-24T08:41:33+00:00\",\"description\":\"Masialux Ayd\u0131nlatma | MOSS SER\u0130S\u0130 | MO 114 DI\u015e MEKAN AYDINLATMA | D\u0131\u015f Mekan Aplik Armat\u00fcrleri | En k\u0131sa s\u00fcrede imalat\u0131n\u0131 ger\u00e7ekle\u015ftirip teslim edelim.\",\"breadcrumb\":{\"@id\":\"https:\/\/masialux.de\/urun\/moss-serisi-mo-114-dis-mekan-aplik-aydinlatma\/#breadcrumb\"},\"inLanguage\":\"tr\",\"potentialAction\":[{\"@type\":\"ReadAction\",\"target\":[\"https:\/\/masialux.de\/urun\/moss-serisi-mo-114-dis-mekan-aplik-aydinlatma\/\"]}]},{\"@type\":\"BreadcrumbList\",\"@id\":\"https:\/\/masialux.de\/urun\/moss-serisi-mo-114-dis-mekan-aplik-aydinlatma\/#breadcrumb\",\"itemListElement\":[{\"@type\":\"ListItem\",\"position\":1,\"name\":\"Shop\",\"item\":\"https:\/\/masialux.de\/shop\/\"},{\"@type\":\"ListItem\",\"position\":2,\"name\":\"MOSS SER\u0130S\u0130 | MO 114 DI\u015e MEKAN AYDINLATMA\"}]},{\"@type\":\"WebSite\",\"@id\":\"https:\/\/masialux.de\/en\/#website\",\"url\":\"https:\/\/masialux.de\/en\/\",\"name\":\"Masialux Ayd\u0131nlatma\",\"description\":\"Ayd\u0131nlatma D\u00fcnyas\u0131\",\"publisher\":{\"@id\":\"https:\/\/masialux.de\/en\/#organization\"},\"potentialAction\":[{\"@type\":\"SearchAction\",\"target\":{\"@type\":\"EntryPoint\",\"urlTemplate\":\"https:\/\/masialux.de\/en\/?s={search_term_string}\"},\"query-input\":\"required name=search_term_string\"}],\"inLanguage\":\"tr\"},{\"@type\":\"Organization\",\"@id\":\"https:\/\/masialux.de\/en\/#organization\",\"name\":\"Masialux Ayd\u0131nlatma\",\"url\":\"https:\/\/masialux.de\/en\/\",\"logo\":{\"@type\":\"ImageObject\",\"inLanguage\":\"tr\",\"@id\":\"https:\/\/masialux.de\/en\/#\/schema\/logo\/image\/\",\"url\":\"https:\/\/masialux.de\/wp-content\/uploads\/2022\/09\/logo-new3.webp\",\"contentUrl\":\"https:\/\/masialux.de\/wp-content\/uploads\/2022\/09\/logo-new3.webp\",\"width\":852,\"height\":230,\"caption\":\"Masialux Ayd\u0131nlatma\"},\"image\":{\"@id\":\"https:\/\/masialux.de\/en\/#\/schema\/logo\/image\/\"},\"sameAs\":[\"https:\/\/www.facebook.com\/MasiaLux\",\"https:\/\/www.instagram.com\/masialux\/\"]}]}<\/script>\n<!-- \/ Yoast SEO Premium plugin. -->","yoast_head_json":{"title":"MOSS SER\u0130S\u0130 | DI\u015e MEKAN APL\u0130K","description":"Masialux Ayd\u0131nlatma | MOSS SER\u0130S\u0130 | MO 114 DI\u015e MEKAN AYDINLATMA | D\u0131\u015f Mekan Aplik Armat\u00fcrleri | En k\u0131sa s\u00fcrede imalat\u0131n\u0131 ger\u00e7ekle\u015ftirip teslim edelim.","robots":{"index":"index","follow":"follow","max-snippet":"max-snippet:-1","max-image-preview":"max-image-preview:large","max-video-preview":"max-video-preview:-1"},"canonical":"https:\/\/masialux.de\/tr\/urun\/moss-serisi-mo-114-dis-mekan-aplik-aydinlatma\/","og_locale":"tr_TR","og_type":"article","og_title":"MOSS SER\u0130S\u0130 | MO 114 DI\u015e MEKAN AYDINLATMA","og_description":"Masialux Ayd\u0131nlatma | MOSS SER\u0130S\u0130 | MO 114 DI\u015e MEKAN AYDINLATMA | D\u0131\u015f Mekan Aplik Armat\u00fcrleri | En k\u0131sa s\u00fcrede imalat\u0131n\u0131 ger\u00e7ekle\u015ftirip teslim edelim.","og_url":"https:\/\/masialux.de\/tr\/urun\/moss-serisi-mo-114-dis-mekan-aplik-aydinlatma\/","og_site_name":"Masialux Ayd\u0131nlatma","article_publisher":"https:\/\/www.facebook.com\/MasiaLux","article_modified_time":"2023-08-24T08:41:33+00:00","og_image":[{"width":800,"height":1058,"url":"http:\/\/masialux.de\/wp-content\/uploads\/2022\/09\/002.MOSS-SERISI-MO-114-DIS-MEKAN-APLIK.jpg","type":"image\/jpeg"}],"twitter_card":"summary_large_image","schema":{"@context":"https:\/\/schema.org","@graph":[{"@type":"WebPage","@id":"https:\/\/masialux.de\/urun\/moss-serisi-mo-114-dis-mekan-aplik-aydinlatma\/","url":"https:\/\/masialux.de\/urun\/moss-serisi-mo-114-dis-mekan-aplik-aydinlatma\/","name":"MOSS SER\u0130S\u0130 | DI\u015e MEKAN APL\u0130K","isPartOf":{"@id":"https:\/\/masialux.de\/en\/#website"},"datePublished":"2022-09-30T06:19:00+00:00","dateModified":"2023-08-24T08:41:33+00:00","description":"Masialux Ayd\u0131nlatma | MOSS SER\u0130S\u0130 | MO 114 DI\u015e MEKAN AYDINLATMA | D\u0131\u015f Mekan Aplik Armat\u00fcrleri | En k\u0131sa s\u00fcrede imalat\u0131n\u0131 ger\u00e7ekle\u015ftirip teslim edelim.","breadcrumb":{"@id":"https:\/\/masialux.de\/urun\/moss-serisi-mo-114-dis-mekan-aplik-aydinlatma\/#breadcrumb"},"inLanguage":"tr","potentialAction":[{"@type":"ReadAction","target":["https:\/\/masialux.de\/urun\/moss-serisi-mo-114-dis-mekan-aplik-aydinlatma\/"]}]},{"@type":"BreadcrumbList","@id":"https:\/\/masialux.de\/urun\/moss-serisi-mo-114-dis-mekan-aplik-aydinlatma\/#breadcrumb","itemListElement":[{"@type":"ListItem","position":1,"name":"Shop","item":"https:\/\/masialux.de\/shop\/"},{"@type":"ListItem","position":2,"name":"MOSS SER\u0130S\u0130 | MO 114 DI\u015e MEKAN AYDINLATMA"}]},{"@type":"WebSite","@id":"https:\/\/masialux.de\/en\/#website","url":"https:\/\/masialux.de\/en\/","name":"Masialux Ayd\u0131nlatma","description":"Ayd\u0131nlatma D\u00fcnyas\u0131","publisher":{"@id":"https:\/\/masialux.de\/en\/#organization"},"potentialAction":[{"@type":"SearchAction","target":{"@type":"EntryPoint","urlTemplate":"https:\/\/masialux.de\/en\/?s={search_term_string}"},"query-input":"required name=search_term_string"}],"inLanguage":"tr"},{"@type":"Organization","@id":"https:\/\/masialux.de\/en\/#organization","name":"Masialux Ayd\u0131nlatma","url":"https:\/\/masialux.de\/en\/","logo":{"@type":"ImageObject","inLanguage":"tr","@id":"https:\/\/masialux.de\/en\/#\/schema\/logo\/image\/","url":"https:\/\/masialux.de\/wp-content\/uploads\/2022\/09\/logo-new3.webp","contentUrl":"https:\/\/masialux.de\/wp-content\/uploads\/2022\/09\/logo-new3.webp","width":852,"height":230,"caption":"Masialux Ayd\u0131nlatma"},"image":{"@id":"https:\/\/masialux.de\/en\/#\/schema\/logo\/image\/"},"sameAs":["https:\/\/www.facebook.com\/MasiaLux","https:\/\/www.instagram.com\/masialux\/"]}]}},"_links":{"self":[{"href":"https:\/\/masialux.de\/tr\/wp-json\/wp\/v2\/product\/8117","targetHints":{"allow":["GET"]}}],"collection":[{"href":"https:\/\/masialux.de\/tr\/wp-json\/wp\/v2\/product"}],"about":[{"href":"https:\/\/masialux.de\/tr\/wp-json\/wp\/v2\/types\/product"}],"wp:featuredmedia":[{"embeddable":true,"href":"https:\/\/masialux.de\/tr\/wp-json\/wp\/v2\/media\/11221"}],"wp:attachment":[{"href":"https:\/\/masialux.de\/tr\/wp-json\/wp\/v2\/media?parent=8117"}],"wp:term":[{"taxonomy":"product_cat","embeddable":true,"href":"https:\/\/masialux.de\/tr\/wp-json\/wp\/v2\/product_cat?post=8117"},{"taxonomy":"product_tag","embeddable":true,"href":"https:\/\/masialux.de\/tr\/wp-json\/wp\/v2\/product_tag?post=8117"}],"curies":[{"name":"wp","href":"https:\/\/api.w.org\/{rel}","templated":true}]}}